{"id":6504,"date":"2026-01-05T13:00:57","date_gmt":"2026-01-05T12:00:57","guid":{"rendered":"https:\/\/vibo.ba\/?page_id=6504"},"modified":"2026-01-07T09:05:38","modified_gmt":"2026-01-07T08:05:38","slug":"baterijski-program","status":"publish","type":"page","link":"https:\/\/vibo.ba\/hr\/proizvodi\/baterijski-program\/","title":{"rendered":"Baterijski program"},"content":{"rendered":"\t\t<div data-elementor-type=\"wp-page\" data-elementor-id=\"6504\" class=\"elementor elementor-6504\">\n\t\t\t\t\t\t<section class=\"elementor-section elementor-top-section elementor-element elementor-element-6c6b395 qodef-elementor-content-grid elementor-section-boxed elementor-section-height-default elementor-section-height-default\" data-id=\"6c6b395\" data-element_type=\"section\">\n\t\t\t\t\t\t<div class=\"elementor-container elementor-column-gap-default\">\n\t\t\t\t\t<div class=\"elementor-column elementor-col-50 elementor-top-column elementor-element elementor-element-d4f4008\" data-id=\"d4f4008\" data-element_type=\"column\">\n\t\t\t<div class=\"elementor-widget-wrap elementor-element-populated\">\n\t\t\t\t\t\t<div class=\"elementor-element elementor-element-e639beb elementor-widget elementor-widget-stal_core_accordion\" data-id=\"e639beb\" data-element_type=\"widget\" data-widget_type=\"stal_core_accordion.default\">\n\t\t\t\t<div class=\"elementor-widget-container\">\n\t\t\t\t\t<div class=\"qodef-shortcode qodef-m qodef-accordion clear qodef-behavior--accordion qodef-layout--simple\">\n\t<h4 class=\"qodef-accordion-title\">\n\t<span class=\"qodef-tab-title\">\n\t\tPellenc baterijske \u0161kare\t<\/span>\n\t<span class=\"qodef-accordion-mark\">\n\t\t<span class=\"qodef-icon\"><\/span>\n\t<\/span>\n<\/h4>\n<div class=\"qodef-accordion-content\">\n\t<div class=\"qodef-accordion-content-inner\">\n\t\t<p><img fetchpriority=\"high\" decoding=\"async\" class=\"alignnone wp-image-6541 size-full\" src=\"https:\/\/vibo.ba\/joajatad\/2026\/01\/Slika5.jpg\" alt=\"1.\tPellenc baterijske \u0161kare\" width=\"225\" height=\"225\" srcset=\"https:\/\/vibo.ba\/joajatad\/2026\/01\/Slika5.jpg 225w, https:\/\/vibo.ba\/joajatad\/2026\/01\/Slika5-150x150.jpg 150w, https:\/\/vibo.ba\/joajatad\/2026\/01\/Slika5-12x12.jpg 12w, https:\/\/vibo.ba\/joajatad\/2026\/01\/Slika5-82x82.jpg 82w\" sizes=\"(max-width: 225px) 100vw, 225px\" \/><\/p>\t<\/div>\n<\/div><h4 class=\"qodef-accordion-title\">\n\t<span class=\"qodef-tab-title\">\n\t\tPellenc tresa\u010d za masline\t<\/span>\n\t<span class=\"qodef-accordion-mark\">\n\t\t<span class=\"qodef-icon\"><\/span>\n\t<\/span>\n<\/h4>\n<div class=\"qodef-accordion-content\">\n\t<div class=\"qodef-accordion-content-inner\">\n\t\t<p><img decoding=\"async\" class=\"alignnone size-full wp-image-6542\" src=\"https:\/\/vibo.ba\/joajatad\/2026\/01\/2-Pellenc-tresac-za-masline.jpg\" alt=\"2.\tPellenc tresa\u010d za masline\" width=\"231\" height=\"218\" srcset=\"https:\/\/vibo.ba\/joajatad\/2026\/01\/2-Pellenc-tresac-za-masline.jpg 231w, https:\/\/vibo.ba\/joajatad\/2026\/01\/2-Pellenc-tresac-za-masline-13x12.jpg 13w\" sizes=\"(max-width: 231px) 100vw, 231px\" \/><\/p>\t<\/div>\n<\/div><h4 class=\"qodef-accordion-title\">\n\t<span class=\"qodef-tab-title\">\n\t\tPellenc cultivator\t<\/span>\n\t<span class=\"qodef-accordion-mark\">\n\t\t<span class=\"qodef-icon\"><\/span>\n\t<\/span>\n<\/h4>\n<div class=\"qodef-accordion-content\">\n\t<div class=\"qodef-accordion-content-inner\">\n\t\t<p><img decoding=\"async\" class=\"alignnone size-full wp-image-6543\" src=\"https:\/\/vibo.ba\/joajatad\/2026\/01\/3.Pellenc-cultivator.jpg\" alt=\"3.\tPellenc cultivator\" width=\"225\" height=\"225\" srcset=\"https:\/\/vibo.ba\/joajatad\/2026\/01\/3.Pellenc-cultivator.jpg 225w, https:\/\/vibo.ba\/joajatad\/2026\/01\/3.Pellenc-cultivator-150x150.jpg 150w, https:\/\/vibo.ba\/joajatad\/2026\/01\/3.Pellenc-cultivator-12x12.jpg 12w, https:\/\/vibo.ba\/joajatad\/2026\/01\/3.Pellenc-cultivator-82x82.jpg 82w\" sizes=\"(max-width: 225px) 100vw, 225px\" \/><\/p>\t<\/div>\n<\/div><h4 class=\"qodef-accordion-title\">\n\t<span class=\"qodef-tab-title\">\n\t\tPellenc pile\t<\/span>\n\t<span class=\"qodef-accordion-mark\">\n\t\t<span class=\"qodef-icon\"><\/span>\n\t<\/span>\n<\/h4>\n<div class=\"qodef-accordion-content\">\n\t<div class=\"qodef-accordion-content-inner\">\n\t\t<p>\n\t\t<style type=\"text\/css\">\n\t\t\t#gallery-1 {\n\t\t\t\tmargin: auto;\n\t\t\t}\n\t\t\t#gallery-1 .gallery-item {\n\t\t\t\tfloat: left;\n\t\t\t\tmargin-top: 10px;\n\t\t\t\ttext-align: center;\n\t\t\t\twidth: 50%;\n\t\t\t}\n\t\t\t#gallery-1 img {\n\t\t\t\tborder: 2px solid #cfcfcf;\n\t\t\t}\n\t\t\t#gallery-1 .gallery-caption {\n\t\t\t\tmargin-left: 0;\n\t\t\t}\n\t\t\t\/* see gallery_shortcode() in wp-includes\/media.php *\/\n\t\t<\/style>\n\t\t<div id='gallery-1' class='gallery galleryid-6504 gallery-columns-2 gallery-size-medium'><dl class='gallery-item'>\n\t\t\t<dt class='gallery-icon landscape'>\n\t\t\t\t<img loading=\"lazy\" decoding=\"async\" width=\"225\" height=\"225\" src=\"https:\/\/vibo.ba\/joajatad\/2026\/01\/4.Pellenc-pile.jpg\" class=\"attachment-medium size-medium\" alt=\"\" srcset=\"https:\/\/vibo.ba\/joajatad\/2026\/01\/4.Pellenc-pile.jpg 225w, https:\/\/vibo.ba\/joajatad\/2026\/01\/4.Pellenc-pile-150x150.jpg 150w, https:\/\/vibo.ba\/joajatad\/2026\/01\/4.Pellenc-pile-12x12.jpg 12w, https:\/\/vibo.ba\/joajatad\/2026\/01\/4.Pellenc-pile-82x82.jpg 82w\" sizes=\"(max-width: 225px) 100vw, 225px\" \/>\n\t\t\t<\/dt><\/dl><dl class='gallery-item'>\n\t\t\t<dt class='gallery-icon landscape'>\n\t\t\t\t<img loading=\"lazy\" decoding=\"async\" width=\"300\" height=\"90\" src=\"https:\/\/vibo.ba\/joajatad\/2026\/01\/4-Pellenc-pile-2-300x90.jpg\" class=\"attachment-medium size-medium\" alt=\"\" srcset=\"https:\/\/vibo.ba\/joajatad\/2026\/01\/4-Pellenc-pile-2-300x90.jpg 300w, https:\/\/vibo.ba\/joajatad\/2026\/01\/4-Pellenc-pile-2-18x5.jpg 18w, https:\/\/vibo.ba\/joajatad\/2026\/01\/4-Pellenc-pile-2.jpg 602w\" sizes=\"(max-width: 300px) 100vw, 300px\" \/>\n\t\t\t<\/dt><\/dl><br style=\"clear: both\" \/>\n\t\t<\/div>\n<\/p>\t<\/div>\n<\/div><h4 class=\"qodef-accordion-title\">\n\t<span class=\"qodef-tab-title\">\n\t\tVezilice za vinovu lozu\t<\/span>\n\t<span class=\"qodef-accordion-mark\">\n\t\t<span class=\"qodef-icon\"><\/span>\n\t<\/span>\n<\/h4>\n<div class=\"qodef-accordion-content\">\n\t<div class=\"qodef-accordion-content-inner\">\n\t\t<p><img loading=\"lazy\" decoding=\"async\" class=\"alignnone size-full wp-image-6546\" src=\"https:\/\/vibo.ba\/joajatad\/2026\/01\/5-2Vezilice-za-vinovu-lozu.jpg\" alt=\"5.\tVezilice za vinovu lozu\" width=\"299\" height=\"169\" srcset=\"https:\/\/vibo.ba\/joajatad\/2026\/01\/5-2Vezilice-za-vinovu-lozu.jpg 299w, https:\/\/vibo.ba\/joajatad\/2026\/01\/5-2Vezilice-za-vinovu-lozu-18x10.jpg 18w\" sizes=\"(max-width: 299px) 100vw, 299px\" \/> <img loading=\"lazy\" decoding=\"async\" class=\"alignnone size-full wp-image-6547\" src=\"https:\/\/vibo.ba\/joajatad\/2026\/01\/5-Vezilice-za-vinovu-lozu.jpg\" alt=\"5.\tVezilice za vinovu lozu\" width=\"225\" height=\"225\" srcset=\"https:\/\/vibo.ba\/joajatad\/2026\/01\/5-Vezilice-za-vinovu-lozu.jpg 225w, https:\/\/vibo.ba\/joajatad\/2026\/01\/5-Vezilice-za-vinovu-lozu-150x150.jpg 150w, https:\/\/vibo.ba\/joajatad\/2026\/01\/5-Vezilice-za-vinovu-lozu-12x12.jpg 12w, https:\/\/vibo.ba\/joajatad\/2026\/01\/5-Vezilice-za-vinovu-lozu-82x82.jpg 82w\" sizes=\"(max-width: 225px) 100vw, 225px\" \/><\/p>\t<\/div>\n<\/div><\/div>\t\t\t\t<\/div>\n\t\t\t\t<\/div>\n\t\t\t\t\t<\/div>\n\t\t<\/div>\n\t\t\t\t<div class=\"elementor-column elementor-col-50 elementor-top-column elementor-element elementor-element-c4deb1e\" data-id=\"c4deb1e\" data-element_type=\"column\">\n\t\t\t<div class=\"elementor-widget-wrap elementor-element-populated\">\n\t\t\t\t\t\t<div class=\"elementor-element elementor-element-8486414 elementor-widget elementor-widget-stal_core_accordion\" data-id=\"8486414\" data-element_type=\"widget\" data-widget_type=\"stal_core_accordion.default\">\n\t\t\t\t<div class=\"elementor-widget-container\">\n\t\t\t\t\t<div class=\"qodef-shortcode qodef-m qodef-accordion clear qodef-behavior--accordion qodef-layout--simple\">\n\t<h4 class=\"qodef-accordion-title\">\n\t<span class=\"qodef-tab-title\">\n\t\tVolpi baterijske \u0161kare\t<\/span>\n\t<span class=\"qodef-accordion-mark\">\n\t\t<span class=\"qodef-icon\"><\/span>\n\t<\/span>\n<\/h4>\n<div class=\"qodef-accordion-content\">\n\t<div class=\"qodef-accordion-content-inner\">\n\t\t<p><img loading=\"lazy\" decoding=\"async\" class=\"alignnone size-full wp-image-6548\" src=\"https:\/\/vibo.ba\/joajatad\/2026\/01\/Volpi-baterijske-skare.jpg\" alt=\"Volpi baterijske \u0161kare\" width=\"225\" height=\"225\" srcset=\"https:\/\/vibo.ba\/joajatad\/2026\/01\/Volpi-baterijske-skare.jpg 225w, https:\/\/vibo.ba\/joajatad\/2026\/01\/Volpi-baterijske-skare-150x150.jpg 150w, https:\/\/vibo.ba\/joajatad\/2026\/01\/Volpi-baterijske-skare-12x12.jpg 12w, https:\/\/vibo.ba\/joajatad\/2026\/01\/Volpi-baterijske-skare-82x82.jpg 82w\" sizes=\"(max-width: 225px) 100vw, 225px\" \/><\/p>\t<\/div>\n<\/div><h4 class=\"qodef-accordion-title\">\n\t<span class=\"qodef-tab-title\">\n\t\tVolpi baterijske pile\t<\/span>\n\t<span class=\"qodef-accordion-mark\">\n\t\t<span class=\"qodef-icon\"><\/span>\n\t<\/span>\n<\/h4>\n<div class=\"qodef-accordion-content\">\n\t<div class=\"qodef-accordion-content-inner\">\n\t\t<p><img loading=\"lazy\" decoding=\"async\" class=\"alignnone size-full wp-image-6549\" src=\"https:\/\/vibo.ba\/joajatad\/2026\/01\/Volpi-baterijske-pile.jpg\" alt=\"Volpi baterijske pile\" width=\"231\" height=\"218\" srcset=\"https:\/\/vibo.ba\/joajatad\/2026\/01\/Volpi-baterijske-pile.jpg 231w, https:\/\/vibo.ba\/joajatad\/2026\/01\/Volpi-baterijske-pile-13x12.jpg 13w\" sizes=\"(max-width: 231px) 100vw, 231px\" \/><\/p>\t<\/div>\n<\/div><h4 class=\"qodef-accordion-title\">\n\t<span class=\"qodef-tab-title\">\n\t\tTresa\u010di za masline\t<\/span>\n\t<span class=\"qodef-accordion-mark\">\n\t\t<span class=\"qodef-icon\"><\/span>\n\t<\/span>\n<\/h4>\n<div class=\"qodef-accordion-content\">\n\t<div class=\"qodef-accordion-content-inner\">\n\t\t<p><img loading=\"lazy\" decoding=\"async\" class=\"alignnone size-full wp-image-6550\" src=\"https:\/\/vibo.ba\/joajatad\/2026\/01\/Tresaci-za-masline.jpg\" alt=\"Tresa\u010di za masline\" width=\"225\" height=\"225\" srcset=\"https:\/\/vibo.ba\/joajatad\/2026\/01\/Tresaci-za-masline.jpg 225w, https:\/\/vibo.ba\/joajatad\/2026\/01\/Tresaci-za-masline-150x150.jpg 150w, https:\/\/vibo.ba\/joajatad\/2026\/01\/Tresaci-za-masline-12x12.jpg 12w, https:\/\/vibo.ba\/joajatad\/2026\/01\/Tresaci-za-masline-82x82.jpg 82w\" sizes=\"(max-width: 225px) 100vw, 225px\" \/><\/p>\t<\/div>\n<\/div><h4 class=\"qodef-accordion-title\">\n\t<span class=\"qodef-tab-title\">\n\t\tVezilice za vinovu lozu\t<\/span>\n\t<span class=\"qodef-accordion-mark\">\n\t\t<span class=\"qodef-icon\"><\/span>\n\t<\/span>\n<\/h4>\n<div class=\"qodef-accordion-content\">\n\t<div class=\"qodef-accordion-content-inner\">\n\t\t<p><img loading=\"lazy\" decoding=\"async\" class=\"alignnone size-full wp-image-6551\" src=\"https:\/\/vibo.ba\/joajatad\/2026\/01\/Vezilice-za-vinovu-lozu-volpi.jpg\" alt=\"Vezilice za vinovu lozu\" width=\"225\" height=\"225\" srcset=\"https:\/\/vibo.ba\/joajatad\/2026\/01\/Vezilice-za-vinovu-lozu-volpi.jpg 225w, https:\/\/vibo.ba\/joajatad\/2026\/01\/Vezilice-za-vinovu-lozu-volpi-150x150.jpg 150w, https:\/\/vibo.ba\/joajatad\/2026\/01\/Vezilice-za-vinovu-lozu-volpi-12x12.jpg 12w, https:\/\/vibo.ba\/joajatad\/2026\/01\/Vezilice-za-vinovu-lozu-volpi-82x82.jpg 82w\" sizes=\"(max-width: 225px) 100vw, 225px\" \/><\/p>\t<\/div>\n<\/div><h4 class=\"qodef-accordion-title\">\n\t<span class=\"qodef-tab-title\">\n\t\tPrskalice\t<\/span>\n\t<span class=\"qodef-accordion-mark\">\n\t\t<span class=\"qodef-icon\"><\/span>\n\t<\/span>\n<\/h4>\n<div class=\"qodef-accordion-content\">\n\t<div class=\"qodef-accordion-content-inner\">\n\t\t<p>\n\t\t<style type=\"text\/css\">\n\t\t\t#gallery-1 {\n\t\t\t\tmargin: auto;\n\t\t\t}\n\t\t\t#gallery-1 .gallery-item {\n\t\t\t\tfloat: left;\n\t\t\t\tmargin-top: 10px;\n\t\t\t\ttext-align: center;\n\t\t\t\twidth: 50%;\n\t\t\t}\n\t\t\t#gallery-1 img {\n\t\t\t\tborder: 2px solid #cfcfcf;\n\t\t\t}\n\t\t\t#gallery-1 .gallery-caption {\n\t\t\t\tmargin-left: 0;\n\t\t\t}\n\t\t\t\/* see gallery_shortcode() in wp-includes\/media.php *\/\n\t\t<\/style>\n\t\t<div id='gallery-1' class='gallery galleryid-6504 gallery-columns-2 gallery-size-medium'><dl class='gallery-item'>\n\t\t\t<dt class='gallery-icon landscape'>\n\t\t\t\t<img loading=\"lazy\" decoding=\"async\" width=\"225\" height=\"225\" src=\"https:\/\/vibo.ba\/joajatad\/2026\/01\/Prskalice-volpi.jpg\" class=\"attachment-medium size-medium\" alt=\"Prskalice\" srcset=\"https:\/\/vibo.ba\/joajatad\/2026\/01\/Prskalice-volpi.jpg 225w, https:\/\/vibo.ba\/joajatad\/2026\/01\/Prskalice-volpi-150x150.jpg 150w, https:\/\/vibo.ba\/joajatad\/2026\/01\/Prskalice-volpi-12x12.jpg 12w, https:\/\/vibo.ba\/joajatad\/2026\/01\/Prskalice-volpi-82x82.jpg 82w\" sizes=\"(max-width: 225px) 100vw, 225px\" \/>\n\t\t\t<\/dt><\/dl><dl class='gallery-item'>\n\t\t\t<dt class='gallery-icon landscape'>\n\t\t\t\t<img loading=\"lazy\" decoding=\"async\" width=\"275\" height=\"183\" src=\"https:\/\/vibo.ba\/joajatad\/2026\/01\/Prskalice.jpg\" class=\"attachment-medium size-medium\" alt=\"Prskalice\" srcset=\"https:\/\/vibo.ba\/joajatad\/2026\/01\/Prskalice.jpg 275w, https:\/\/vibo.ba\/joajatad\/2026\/01\/Prskalice-18x12.jpg 18w\" sizes=\"(max-width: 275px) 100vw, 275px\" \/>\n\t\t\t<\/dt><\/dl><br style=\"clear: both\" \/>\n\t\t<\/div>\n<\/p>\t<\/div>\n<\/div><\/div>\t\t\t\t<\/div>\n\t\t\t\t<\/div>\n\t\t\t\t\t<\/div>\n\t\t<\/div>\n\t\t\t\t\t<\/div>\n\t\t<\/section>\n\t\t\t\t<\/div>\n\t\t","protected":false},"excerpt":{"rendered":"<p>Pellenc baterijske \u0161kare Pellenc tresa\u010d za masline Pellenc cultivator Pellenc pile Vezilice za vinovu lozu Volpi baterijske \u0161kare Volpi baterijske pile Tresa\u010di za masline Vezilice za vinovu lozu Prskalice<\/p>\n","protected":false},"author":1,"featured_media":0,"parent":6304,"menu_order":0,"comment_status":"closed","ping_status":"closed","template":"elementor_header_footer","meta":{"footnotes":""},"class_list":["post-6504","page","type-page","status-publish","hentry"],"_links":{"self":[{"href":"https:\/\/vibo.ba\/hr\/wp-json\/wp\/v2\/pages\/6504","targetHints":{"allow":["GET"]}}],"collection":[{"href":"https:\/\/vibo.ba\/hr\/wp-json\/wp\/v2\/pages"}],"about":[{"href":"https:\/\/vibo.ba\/hr\/wp-json\/wp\/v2\/types\/page"}],"author":[{"embeddable":true,"href":"https:\/\/vibo.ba\/hr\/wp-json\/wp\/v2\/users\/1"}],"replies":[{"embeddable":true,"href":"https:\/\/vibo.ba\/hr\/wp-json\/wp\/v2\/comments?post=6504"}],"version-history":[{"count":3,"href":"https:\/\/vibo.ba\/hr\/wp-json\/wp\/v2\/pages\/6504\/revisions"}],"predecessor-version":[{"id":6556,"href":"https:\/\/vibo.ba\/hr\/wp-json\/wp\/v2\/pages\/6504\/revisions\/6556"}],"up":[{"embeddable":true,"href":"https:\/\/vibo.ba\/hr\/wp-json\/wp\/v2\/pages\/6304"}],"wp:attachment":[{"href":"https:\/\/vibo.ba\/hr\/wp-json\/wp\/v2\/media?parent=6504"}],"curies":[{"name":"wp","href":"https:\/\/api.w.org\/{rel}","templated":true}]}}