{"id":6487,"date":"2026-01-05T12:38:20","date_gmt":"2026-01-05T11:38:20","guid":{"rendered":"https:\/\/vibo.ba\/?page_id=6487"},"modified":"2026-01-05T12:48:04","modified_gmt":"2026-01-05T11:48:04","slug":"ambalaza","status":"publish","type":"page","link":"https:\/\/vibo.ba\/hr\/proizvodi\/ambalaza\/","title":{"rendered":"Ambala\u017ea"},"content":{"rendered":"\t\t<div data-elementor-type=\"wp-page\" data-elementor-id=\"6487\" class=\"elementor elementor-6487\">\n\t\t\t\t\t\t<section class=\"elementor-section elementor-top-section elementor-element elementor-element-6c6b395 qodef-elementor-content-grid elementor-section-boxed elementor-section-height-default elementor-section-height-default\" data-id=\"6c6b395\" data-element_type=\"section\">\n\t\t\t\t\t\t<div class=\"elementor-container elementor-column-gap-default\">\n\t\t\t\t\t<div class=\"elementor-column elementor-col-50 elementor-top-column elementor-element elementor-element-d4f4008\" data-id=\"d4f4008\" data-element_type=\"column\">\n\t\t\t<div class=\"elementor-widget-wrap elementor-element-populated\">\n\t\t\t\t\t\t<div class=\"elementor-element elementor-element-e639beb elementor-widget elementor-widget-stal_core_accordion\" data-id=\"e639beb\" data-element_type=\"widget\" data-widget_type=\"stal_core_accordion.default\">\n\t\t\t\t<div class=\"elementor-widget-container\">\n\t\t\t\t\t<div class=\"qodef-shortcode qodef-m qodef-accordion clear qodef-behavior--accordion qodef-layout--simple\">\n\t<h4 class=\"qodef-accordion-title\">\n\t<span class=\"qodef-tab-title\">\n\t\tStaklena ambala\u017ea\t<\/span>\n\t<span class=\"qodef-accordion-mark\">\n\t\t<span class=\"qodef-icon\"><\/span>\n\t<\/span>\n<\/h4>\n<div class=\"qodef-accordion-content\">\n\t<div class=\"qodef-accordion-content-inner\">\n\t\t<p>\n\t\t<style type=\"text\/css\">\n\t\t\t#gallery-1 {\n\t\t\t\tmargin: auto;\n\t\t\t}\n\t\t\t#gallery-1 .gallery-item {\n\t\t\t\tfloat: left;\n\t\t\t\tmargin-top: 10px;\n\t\t\t\ttext-align: center;\n\t\t\t\twidth: 50%;\n\t\t\t}\n\t\t\t#gallery-1 img {\n\t\t\t\tborder: 2px solid #cfcfcf;\n\t\t\t}\n\t\t\t#gallery-1 .gallery-caption {\n\t\t\t\tmargin-left: 0;\n\t\t\t}\n\t\t\t\/* see gallery_shortcode() in wp-includes\/media.php *\/\n\t\t<\/style>\n\t\t<div id='gallery-1' class='gallery galleryid-6487 gallery-columns-2 gallery-size-large'><dl class='gallery-item'>\n\t\t\t<dt class='gallery-icon landscape'>\n\t\t\t\t<img fetchpriority=\"high\" decoding=\"async\" width=\"1024\" height=\"461\" src=\"https:\/\/vibo.ba\/joajatad\/2023\/01\/vibo-citluk-poljoljekarna-slika-35-1024x461.jpg\" class=\"attachment-large size-large\" alt=\"\" srcset=\"https:\/\/vibo.ba\/joajatad\/2023\/01\/vibo-citluk-poljoljekarna-slika-35-1024x461.jpg 1024w, https:\/\/vibo.ba\/joajatad\/2023\/01\/vibo-citluk-poljoljekarna-slika-35-300x135.jpg 300w, https:\/\/vibo.ba\/joajatad\/2023\/01\/vibo-citluk-poljoljekarna-slika-35-768x346.jpg 768w, https:\/\/vibo.ba\/joajatad\/2023\/01\/vibo-citluk-poljoljekarna-slika-35-1536x691.jpg 1536w, https:\/\/vibo.ba\/joajatad\/2023\/01\/vibo-citluk-poljoljekarna-slika-35.jpg 1920w\" sizes=\"(max-width: 1024px) 100vw, 1024px\" \/>\n\t\t\t<\/dt><\/dl><dl class='gallery-item'>\n\t\t\t<dt class='gallery-icon landscape'>\n\t\t\t\t<img decoding=\"async\" width=\"1024\" height=\"461\" src=\"https:\/\/vibo.ba\/joajatad\/2023\/01\/vibo-citluk-poljoljekarna-slika-34-1024x461.jpg\" class=\"attachment-large size-large\" alt=\"\" srcset=\"https:\/\/vibo.ba\/joajatad\/2023\/01\/vibo-citluk-poljoljekarna-slika-34-1024x461.jpg 1024w, https:\/\/vibo.ba\/joajatad\/2023\/01\/vibo-citluk-poljoljekarna-slika-34-300x135.jpg 300w, https:\/\/vibo.ba\/joajatad\/2023\/01\/vibo-citluk-poljoljekarna-slika-34-768x346.jpg 768w, https:\/\/vibo.ba\/joajatad\/2023\/01\/vibo-citluk-poljoljekarna-slika-34-1536x691.jpg 1536w, https:\/\/vibo.ba\/joajatad\/2023\/01\/vibo-citluk-poljoljekarna-slika-34.jpg 1920w\" sizes=\"(max-width: 1024px) 100vw, 1024px\" \/>\n\t\t\t<\/dt><\/dl><br style=\"clear: both\" \/><dl class='gallery-item'>\n\t\t\t<dt class='gallery-icon landscape'>\n\t\t\t\t<img decoding=\"async\" width=\"1024\" height=\"461\" src=\"https:\/\/vibo.ba\/joajatad\/2023\/01\/vibo-citluk-poljoljekarna-slika-33-1024x461.jpg\" class=\"attachment-large size-large\" alt=\"\" srcset=\"https:\/\/vibo.ba\/joajatad\/2023\/01\/vibo-citluk-poljoljekarna-slika-33-1024x461.jpg 1024w, https:\/\/vibo.ba\/joajatad\/2023\/01\/vibo-citluk-poljoljekarna-slika-33-300x135.jpg 300w, https:\/\/vibo.ba\/joajatad\/2023\/01\/vibo-citluk-poljoljekarna-slika-33-768x346.jpg 768w, https:\/\/vibo.ba\/joajatad\/2023\/01\/vibo-citluk-poljoljekarna-slika-33-1536x691.jpg 1536w, https:\/\/vibo.ba\/joajatad\/2023\/01\/vibo-citluk-poljoljekarna-slika-33.jpg 1920w\" sizes=\"(max-width: 1024px) 100vw, 1024px\" \/>\n\t\t\t<\/dt><\/dl><dl class='gallery-item'>\n\t\t\t<dt class='gallery-icon landscape'>\n\t\t\t\t<img loading=\"lazy\" decoding=\"async\" width=\"1024\" height=\"461\" src=\"https:\/\/vibo.ba\/joajatad\/2023\/01\/vibo-citluk-poljoljekarna-slika-20-1024x461.jpg\" class=\"attachment-large size-large\" alt=\"vibo \u010ditluk poljoljekarna slika ambalaza\" srcset=\"https:\/\/vibo.ba\/joajatad\/2023\/01\/vibo-citluk-poljoljekarna-slika-20-1024x461.jpg 1024w, https:\/\/vibo.ba\/joajatad\/2023\/01\/vibo-citluk-poljoljekarna-slika-20-300x135.jpg 300w, https:\/\/vibo.ba\/joajatad\/2023\/01\/vibo-citluk-poljoljekarna-slika-20-768x346.jpg 768w, https:\/\/vibo.ba\/joajatad\/2023\/01\/vibo-citluk-poljoljekarna-slika-20-1536x691.jpg 1536w, https:\/\/vibo.ba\/joajatad\/2023\/01\/vibo-citluk-poljoljekarna-slika-20-18x8.jpg 18w, https:\/\/vibo.ba\/joajatad\/2023\/01\/vibo-citluk-poljoljekarna-slika-20.jpg 1920w\" sizes=\"(max-width: 1024px) 100vw, 1024px\" \/>\n\t\t\t<\/dt><\/dl><br style=\"clear: both\" \/>\n\t\t<\/div>\n<\/p>\t<\/div>\n<\/div><h4 class=\"qodef-accordion-title\">\n\t<span class=\"qodef-tab-title\">\n\t\t\u010cepovi\t<\/span>\n\t<span class=\"qodef-accordion-mark\">\n\t\t<span class=\"qodef-icon\"><\/span>\n\t<\/span>\n<\/h4>\n<div class=\"qodef-accordion-content\">\n\t<div class=\"qodef-accordion-content-inner\">\n\t\t<p><img loading=\"lazy\" decoding=\"async\" class=\"alignnone wp-image-6492 size-full\" src=\"https:\/\/vibo.ba\/joajatad\/2026\/01\/cepovi-vibo.jpg\" alt=\"cepovi-vibo\" width=\"665\" height=\"815\" srcset=\"https:\/\/vibo.ba\/joajatad\/2026\/01\/cepovi-vibo.jpg 665w, https:\/\/vibo.ba\/joajatad\/2026\/01\/cepovi-vibo-245x300.jpg 245w, https:\/\/vibo.ba\/joajatad\/2026\/01\/cepovi-vibo-10x12.jpg 10w\" sizes=\"(max-width: 665px) 100vw, 665px\" \/><\/p>\t<\/div>\n<\/div><\/div>\t\t\t\t<\/div>\n\t\t\t\t<\/div>\n\t\t\t\t\t<\/div>\n\t\t<\/div>\n\t\t\t\t<div class=\"elementor-column elementor-col-50 elementor-top-column elementor-element elementor-element-c4deb1e\" data-id=\"c4deb1e\" data-element_type=\"column\">\n\t\t\t<div class=\"elementor-widget-wrap elementor-element-populated\">\n\t\t\t\t\t\t<div class=\"elementor-element elementor-element-8486414 elementor-widget elementor-widget-stal_core_accordion\" data-id=\"8486414\" data-element_type=\"widget\" data-widget_type=\"stal_core_accordion.default\">\n\t\t\t\t<div class=\"elementor-widget-container\">\n\t\t\t\t\t<div class=\"qodef-shortcode qodef-m qodef-accordion clear qodef-behavior--accordion qodef-layout--simple\">\n\t<h4 class=\"qodef-accordion-title\">\n\t<span class=\"qodef-tab-title\">\n\t\tOtvara\u010di\t<\/span>\n\t<span class=\"qodef-accordion-mark\">\n\t\t<span class=\"qodef-icon\"><\/span>\n\t<\/span>\n<\/h4>\n<div class=\"qodef-accordion-content\">\n\t<div class=\"qodef-accordion-content-inner\">\n\t\t<p><img loading=\"lazy\" decoding=\"async\" class=\"alignnone wp-image-6494 size-full\" src=\"https:\/\/vibo.ba\/joajatad\/2026\/01\/otvaraci-vibo.jpg\" alt=\"otvara\u010di vibo\" width=\"238\" height=\"212\" srcset=\"https:\/\/vibo.ba\/joajatad\/2026\/01\/otvaraci-vibo.jpg 238w, https:\/\/vibo.ba\/joajatad\/2026\/01\/otvaraci-vibo-13x12.jpg 13w\" sizes=\"(max-width: 238px) 100vw, 238px\" \/><\/p>\t<\/div>\n<\/div><h4 class=\"qodef-accordion-title\">\n\t<span class=\"qodef-tab-title\">\n\t\tKartonske kutije\t<\/span>\n\t<span class=\"qodef-accordion-mark\">\n\t\t<span class=\"qodef-icon\"><\/span>\n\t<\/span>\n<\/h4>\n<div class=\"qodef-accordion-content\">\n\t<div class=\"qodef-accordion-content-inner\">\n\t\t<p><img loading=\"lazy\" decoding=\"async\" class=\"alignnone wp-image-6493 size-full\" src=\"https:\/\/vibo.ba\/joajatad\/2026\/01\/kartonske-kutije-vibo.jpg\" alt=\"kartonske-kutije-vibo\" width=\"647\" height=\"313\" srcset=\"https:\/\/vibo.ba\/joajatad\/2026\/01\/kartonske-kutije-vibo.jpg 647w, https:\/\/vibo.ba\/joajatad\/2026\/01\/kartonske-kutije-vibo-300x145.jpg 300w, https:\/\/vibo.ba\/joajatad\/2026\/01\/kartonske-kutije-vibo-18x9.jpg 18w\" sizes=\"(max-width: 647px) 100vw, 647px\" \/><\/p>\t<\/div>\n<\/div><\/div>\t\t\t\t<\/div>\n\t\t\t\t<\/div>\n\t\t\t\t\t<\/div>\n\t\t<\/div>\n\t\t\t\t\t<\/div>\n\t\t<\/section>\n\t\t\t\t<\/div>\n\t\t","protected":false},"excerpt":{"rendered":"<p>Staklena ambala\u017ea \u010cepovi Otvara\u010di Kartonske kutije<\/p>\n","protected":false},"author":1,"featured_media":5594,"parent":6304,"menu_order":0,"comment_status":"closed","ping_status":"closed","template":"elementor_header_footer","meta":{"footnotes":""},"class_list":["post-6487","page","type-page","status-publish","has-post-thumbnail","hentry"],"_links":{"self":[{"href":"https:\/\/vibo.ba\/hr\/wp-json\/wp\/v2\/pages\/6487","targetHints":{"allow":["GET"]}}],"collection":[{"href":"https:\/\/vibo.ba\/hr\/wp-json\/wp\/v2\/pages"}],"about":[{"href":"https:\/\/vibo.ba\/hr\/wp-json\/wp\/v2\/types\/page"}],"author":[{"embeddable":true,"href":"https:\/\/vibo.ba\/hr\/wp-json\/wp\/v2\/users\/1"}],"replies":[{"embeddable":true,"href":"https:\/\/vibo.ba\/hr\/wp-json\/wp\/v2\/comments?post=6487"}],"version-history":[{"count":3,"href":"https:\/\/vibo.ba\/hr\/wp-json\/wp\/v2\/pages\/6487\/revisions"}],"predecessor-version":[{"id":6497,"href":"https:\/\/vibo.ba\/hr\/wp-json\/wp\/v2\/pages\/6487\/revisions\/6497"}],"up":[{"embeddable":true,"href":"https:\/\/vibo.ba\/hr\/wp-json\/wp\/v2\/pages\/6304"}],"wp:featuredmedia":[{"embeddable":true,"href":"https:\/\/vibo.ba\/hr\/wp-json\/wp\/v2\/media\/5594"}],"wp:attachment":[{"href":"https:\/\/vibo.ba\/hr\/wp-json\/wp\/v2\/media?parent=6487"}],"curies":[{"name":"wp","href":"https:\/\/api.w.org\/{rel}","templated":true}]}}