{"id":6253,"date":"2025-12-16T12:53:48","date_gmt":"2025-12-16T11:53:48","guid":{"rendered":"https:\/\/vibo.ba\/?page_id=6253"},"modified":"2026-01-13T08:53:50","modified_gmt":"2026-01-13T07:53:50","slug":"vinogradarska-oprema","status":"publish","type":"page","link":"https:\/\/vibo.ba\/en\/proizvodi\/vinogradarska-oprema\/","title":{"rendered":"Vinogradarska oprema"},"content":{"rendered":"<div data-elementor-type=\"wp-page\" data-elementor-id=\"6253\" class=\"elementor elementor-6253\">\n\t\t\t\t\t\t<section class=\"elementor-section elementor-top-section elementor-element elementor-element-6c6b395 qodef-elementor-content-grid elementor-section-boxed elementor-section-height-default elementor-section-height-default\" data-id=\"6c6b395\" data-element_type=\"section\">\n\t\t\t\t\t\t<div class=\"elementor-container elementor-column-gap-default\">\n\t\t\t\t\t<div class=\"elementor-column elementor-col-50 elementor-top-column elementor-element elementor-element-d4f4008\" data-id=\"d4f4008\" data-element_type=\"column\">\n\t\t\t<div class=\"elementor-widget-wrap elementor-element-populated\">\n\t\t\t\t\t\t<div class=\"elementor-element elementor-element-e639beb elementor-widget elementor-widget-stal_core_accordion\" data-id=\"e639beb\" data-element_type=\"widget\" data-widget_type=\"stal_core_accordion.default\">\n\t\t\t\t<div class=\"elementor-widget-container\">\n\t\t\t\t\t<div class=\"qodef-shortcode qodef-m qodef-accordion clear qodef-behavior--accordion qodef-layout--simple\">\n\t<h4 class=\"qodef-accordion-title\">\n\t<span class=\"qodef-tab-title\">\n\t\tPocin\u010dani stupovi \t<\/span>\n\t<span class=\"qodef-accordion-mark\">\n\t\t<span class=\"qodef-icon\"><\/span>\n\t<\/span>\n<\/h4>\n<div class=\"qodef-accordion-content\">\n\t<div class=\"qodef-accordion-content-inner\">\n\t\t<p><strong>Pocin\u010dani \u010deli\u010dni<\/strong> stupovi za vinograd, krajnji i unutarnji, pogodni su za obavljanje ru\u010dnih i strojnih radova u vinogradu.<br \/>Krajnji stup, idealno je rje\u0161enje za du\u017ee redove. Krajnji stupovi dostupni su s utorima ili bo\u010dnim rupama koje omogu\u0107uju umetanje valjaka za zatezanje \u017eica.<\/p><table style=\"width: 100%; border-collapse: collapse;\"><tbody><tr><td style=\"width: 50%; padding-right: 10px;\"><img decoding=\"async\" style=\"width: 100%; height: auto;\" src=\"https:\/\/vibo.ba\/joajatad\/2025\/12\/Slika1-300x225.jpg\" alt=\"ARMATURA ZA VINOGRAD \u2013 Pocin\u010dani stupovi\" \/><\/td><td style=\"width: 50%; padding-left: 10px;\"><img decoding=\"async\" style=\"width: 100%; height: auto;\" src=\"https:\/\/vibo.ba\/joajatad\/2025\/12\/Slika2-300x214.jpg\" alt=\"ARMATURA ZA VINOGRAD \u2013 Pocin\u010dani stupovi\" \/><\/td><\/tr><\/tbody><\/table>\t<\/div>\n<\/div><h4 class=\"qodef-accordion-title\">\n\t<span class=\"qodef-tab-title\">\n\t\t\u017dica\t<\/span>\n\t<span class=\"qodef-accordion-mark\">\n\t\t<span class=\"qodef-icon\"><\/span>\n\t<\/span>\n<\/h4>\n<div class=\"qodef-accordion-content\">\n\t<div class=\"qodef-accordion-content-inner\">\n\t\t<p><strong>Vinogradarska \u017eica<\/strong> Crapal 4 raznih dimenzija i rastezljivosti.<br \/>\"Crapal 4 \u017eica\" odnosi se na vrstu te\u0161ke pocin\u010dane \u017eice s jedinstvenim premazom otpornim na koroziju koji uklju\u010duje cink i aluminij. Broj 4 se odnosi na specifi\u010dnu vrstu Crapal premaza koja je 4 puta izdr\u017eljivija od prosje\u010dne \u017eice ili oznaku za te\u0161ko pocin\u010dani proizvod, koji je poznat po svojoj iznimnoj izdr\u017eljivosti i dugom vijeku trajanja, posebno u poljoprivrednim primjenama poput ograda i vinograda.<\/p><p><img decoding=\"async\" class=\"alignnone size-medium wp-image-6286\" src=\"https:\/\/vibo.ba\/joajatad\/2025\/12\/zica-300x108.jpg\" alt=\"2. \u017dica- Vinogradarska \u017eica Crapal 4 raznih dimenzija i rastezljivosti.\" width=\"300\" height=\"108\" srcset=\"https:\/\/vibo.ba\/joajatad\/2025\/12\/zica-300x108.jpg 300w, https:\/\/vibo.ba\/joajatad\/2025\/12\/zica-18x6.jpg 18w, https:\/\/vibo.ba\/joajatad\/2025\/12\/zica.jpg 602w\" sizes=\"(max-width: 300px) 100vw, 300px\" \/><\/p>\t<\/div>\n<\/div><h4 class=\"qodef-accordion-title\">\n\t<span class=\"qodef-tab-title\">\n\t\tAnkeri\t<\/span>\n\t<span class=\"qodef-accordion-mark\">\n\t\t<span class=\"qodef-icon\"><\/span>\n\t<\/span>\n<\/h4>\n<div class=\"qodef-accordion-content\">\n\t<div class=\"qodef-accordion-content-inner\">\n\t\t<p>Propeler <strong>pocin\u010dani ankeri<\/strong> du\u017eine 0,8m, 1m i 1,2m za zatezanje krajnjih stupova<\/p><p><img fetchpriority=\"high\" decoding=\"async\" class=\"alignnone size-medium wp-image-6287\" src=\"https:\/\/vibo.ba\/joajatad\/2025\/12\/Propeler-pocincani-ankeri--300x212.jpg\" alt=\"3. Ankeri- Propeler pocin\u010dani ankeri du\u017eine 0,8m, 1m i 1,2m za zatezanje krajnjih stupova\" width=\"300\" height=\"212\" srcset=\"https:\/\/vibo.ba\/joajatad\/2025\/12\/Propeler-pocincani-ankeri--300x212.jpg 300w, https:\/\/vibo.ba\/joajatad\/2025\/12\/Propeler-pocincani-ankeri--768x543.jpg 768w, https:\/\/vibo.ba\/joajatad\/2025\/12\/Propeler-pocincani-ankeri--18x12.jpg 18w, https:\/\/vibo.ba\/joajatad\/2025\/12\/Propeler-pocincani-ankeri-.jpg 992w\" sizes=\"(max-width: 300px) 100vw, 300px\" \/><\/p>\t<\/div>\n<\/div><h4 class=\"qodef-accordion-title\">\n\t<span class=\"qodef-tab-title\">\n\t\tTraktorski priklju\u010dci Rinieri\t<\/span>\n\t<span class=\"qodef-accordion-mark\">\n\t\t<span class=\"qodef-icon\"><\/span>\n\t<\/span>\n<\/h4>\n<div class=\"qodef-accordion-content\">\n\t<div class=\"qodef-accordion-content-inner\">\n\t\t<p>Traktorski priklju\u010dci za vo\u0107njake i vinograde talijanskog proizvo\u0111a\u010da<strong> Rinieri.<\/strong><\/p><p><img decoding=\"async\" class=\"alignnone size-full wp-image-6558\" src=\"https:\/\/vibo.ba\/joajatad\/2026\/01\/traktorski-prikljucci-rinieri.jpg\" alt=\"traktorski priklju\u010dci rinieri\" width=\"602\" height=\"315\" srcset=\"https:\/\/vibo.ba\/joajatad\/2026\/01\/traktorski-prikljucci-rinieri.jpg 602w, https:\/\/vibo.ba\/joajatad\/2026\/01\/traktorski-prikljucci-rinieri-300x157.jpg 300w, https:\/\/vibo.ba\/joajatad\/2026\/01\/traktorski-prikljucci-rinieri-18x9.jpg 18w\" sizes=\"(max-width: 602px) 100vw, 602px\" \/><\/p>\t<\/div>\n<\/div><\/div>\t\t\t\t<\/div>\n\t\t\t\t<\/div>\n\t\t\t\t\t<\/div>\n\t\t<\/div>\n\t\t\t\t<div class=\"elementor-column elementor-col-50 elementor-top-column elementor-element elementor-element-c4deb1e\" data-id=\"c4deb1e\" data-element_type=\"column\">\n\t\t\t<div class=\"elementor-widget-wrap elementor-element-populated\">\n\t\t\t\t\t\t<div class=\"elementor-element elementor-element-8486414 elementor-widget elementor-widget-stal_core_accordion\" data-id=\"8486414\" data-element_type=\"widget\" data-widget_type=\"stal_core_accordion.default\">\n\t\t\t\t<div class=\"elementor-widget-container\">\n\t\t\t\t\t<div class=\"qodef-shortcode qodef-m qodef-accordion clear qodef-behavior--accordion qodef-layout--simple\">\n\t<h4 class=\"qodef-accordion-title\">\n\t<span class=\"qodef-tab-title\">\n\t\tSajla za krajnji stup\t<\/span>\n\t<span class=\"qodef-accordion-mark\">\n\t\t<span class=\"qodef-icon\"><\/span>\n\t<\/span>\n<\/h4>\n<div class=\"qodef-accordion-content\">\n\t<div class=\"qodef-accordion-content-inner\">\n\t\t<p>Sajla Gripple GPAK3 za zatezanje krajnjih stupova.<\/p><p><img loading=\"lazy\" decoding=\"async\" class=\"alignnone size-full wp-image-6288\" src=\"https:\/\/vibo.ba\/joajatad\/2025\/12\/Sajla-Gripple-GPAK3-za-zatezanje-krajnjih-stupova.jpg\" alt=\"Sajla Gripple GPAK3 za zatezanje krajnjih stupova\" width=\"283\" height=\"283\" srcset=\"https:\/\/vibo.ba\/joajatad\/2025\/12\/Sajla-Gripple-GPAK3-za-zatezanje-krajnjih-stupova.jpg 283w, https:\/\/vibo.ba\/joajatad\/2025\/12\/Sajla-Gripple-GPAK3-za-zatezanje-krajnjih-stupova-150x150.jpg 150w, https:\/\/vibo.ba\/joajatad\/2025\/12\/Sajla-Gripple-GPAK3-za-zatezanje-krajnjih-stupova-12x12.jpg 12w, https:\/\/vibo.ba\/joajatad\/2025\/12\/Sajla-Gripple-GPAK3-za-zatezanje-krajnjih-stupova-82x82.jpg 82w\" sizes=\"(max-width: 283px) 100vw, 283px\" \/><\/p>\t<\/div>\n<\/div><h4 class=\"qodef-accordion-title\">\n\t<span class=\"qodef-tab-title\">\n\t\tDistanceri za \u017eicu\t<\/span>\n\t<span class=\"qodef-accordion-mark\">\n\t\t<span class=\"qodef-icon\"><\/span>\n\t<\/span>\n<\/h4>\n<div class=\"qodef-accordion-content\">\n\t<div class=\"qodef-accordion-content-inner\">\n\t\t<p><strong>Distanceri za \u017eicu<\/strong> slu\u017ee kako bi se \u017eica mogla ra\u0161iriti te na taj na\u010din olak\u0161alo uvla\u010denje mladica izme\u0111u \u017eica.<\/p><p><img loading=\"lazy\" decoding=\"async\" class=\"alignnone size-full wp-image-6292\" src=\"https:\/\/vibo.ba\/joajatad\/2025\/12\/Distanceri-za-zicu-sluze-kako-bi-se-zica-mogla-rasiriti-te-na-taj-nacin-olaksalo-uvlacenje-mladica-izmedu-zica.jpg\" alt=\"5. Distanceri za \u017eicu-\" width=\"217\" height=\"217\" srcset=\"https:\/\/vibo.ba\/joajatad\/2025\/12\/Distanceri-za-zicu-sluze-kako-bi-se-zica-mogla-rasiriti-te-na-taj-nacin-olaksalo-uvlacenje-mladica-izmedu-zica.jpg 217w, https:\/\/vibo.ba\/joajatad\/2025\/12\/Distanceri-za-zicu-sluze-kako-bi-se-zica-mogla-rasiriti-te-na-taj-nacin-olaksalo-uvlacenje-mladica-izmedu-zica-150x150.jpg 150w, https:\/\/vibo.ba\/joajatad\/2025\/12\/Distanceri-za-zicu-sluze-kako-bi-se-zica-mogla-rasiriti-te-na-taj-nacin-olaksalo-uvlacenje-mladica-izmedu-zica-12x12.jpg 12w, https:\/\/vibo.ba\/joajatad\/2025\/12\/Distanceri-za-zicu-sluze-kako-bi-se-zica-mogla-rasiriti-te-na-taj-nacin-olaksalo-uvlacenje-mladica-izmedu-zica-82x82.jpg 82w\" sizes=\"(max-width: 217px) 100vw, 217px\" \/><\/p>\t<\/div>\n<\/div><h4 class=\"qodef-accordion-title\">\n\t<span class=\"qodef-tab-title\">\n\t\tPribor za armaturu\t<\/span>\n\t<span class=\"qodef-accordion-mark\">\n\t\t<span class=\"qodef-icon\"><\/span>\n\t<\/span>\n<\/h4>\n<div class=\"qodef-accordion-content\">\n\t<div class=\"qodef-accordion-content-inner\">\n\t\t<p>Zateza\u010di za \u017eicu.\u00a0 Gripple za \u017eicu 1,8-2,4mm te 2,7-3,0mm<\/p><p><img loading=\"lazy\" decoding=\"async\" class=\"alignnone size-full wp-image-6293\" src=\"https:\/\/vibo.ba\/joajatad\/2025\/12\/Gripple-za-zicu.jpg\" alt=\"\" width=\"225\" height=\"225\" srcset=\"https:\/\/vibo.ba\/joajatad\/2025\/12\/Gripple-za-zicu.jpg 225w, https:\/\/vibo.ba\/joajatad\/2025\/12\/Gripple-za-zicu-150x150.jpg 150w, https:\/\/vibo.ba\/joajatad\/2025\/12\/Gripple-za-zicu-12x12.jpg 12w, https:\/\/vibo.ba\/joajatad\/2025\/12\/Gripple-za-zicu-82x82.jpg 82w\" sizes=\"(max-width: 225px) 100vw, 225px\" \/><\/p><p>PVC kuke za \u017eicu<\/p><p><img loading=\"lazy\" decoding=\"async\" class=\"alignnone size-full wp-image-6294\" src=\"https:\/\/vibo.ba\/joajatad\/2025\/12\/PVC-kuke-za-zicu.jpg\" alt=\"\" width=\"225\" height=\"225\" srcset=\"https:\/\/vibo.ba\/joajatad\/2025\/12\/PVC-kuke-za-zicu.jpg 225w, https:\/\/vibo.ba\/joajatad\/2025\/12\/PVC-kuke-za-zicu-150x150.jpg 150w, https:\/\/vibo.ba\/joajatad\/2025\/12\/PVC-kuke-za-zicu-12x12.jpg 12w, https:\/\/vibo.ba\/joajatad\/2025\/12\/PVC-kuke-za-zicu-82x82.jpg 82w\" sizes=\"(max-width: 225px) 100vw, 225px\" \/><\/p><p>Zaka\u010dke za stupi\u0107e<img loading=\"lazy\" decoding=\"async\" class=\"alignnone size-full wp-image-6295\" src=\"https:\/\/vibo.ba\/joajatad\/2025\/12\/Zakacke-za-stupice.jpg\" alt=\"Zaka\u010dke za stupi\u0107e\" width=\"164\" height=\"164\" srcset=\"https:\/\/vibo.ba\/joajatad\/2025\/12\/Zakacke-za-stupice.jpg 164w, https:\/\/vibo.ba\/joajatad\/2025\/12\/Zakacke-za-stupice-150x150.jpg 150w, https:\/\/vibo.ba\/joajatad\/2025\/12\/Zakacke-za-stupice-12x12.jpg 12w, https:\/\/vibo.ba\/joajatad\/2025\/12\/Zakacke-za-stupice-82x82.jpg 82w\" sizes=\"(max-width: 164px) 100vw, 164px\" \/><\/p>\t<\/div>\n<\/div><h4 class=\"qodef-accordion-title\">\n\t<span class=\"qodef-tab-title\">\n\t\tSistem za navodnjavanje kap po kap\t<\/span>\n\t<span class=\"qodef-accordion-mark\">\n\t\t<span class=\"qodef-icon\"><\/span>\n\t<\/span>\n<\/h4>\n<div class=\"qodef-accordion-content\">\n\t<div class=\"qodef-accordion-content-inner\">\n\t\t<p><img loading=\"lazy\" decoding=\"async\" class=\"alignnone size-full wp-image-6559\" src=\"https:\/\/vibo.ba\/joajatad\/2026\/01\/sistem-za-navodnjavanje-kap-po-kap.jpg\" alt=\"sistem za navodnjavanje kap po kap\" width=\"400\" height=\"267\" srcset=\"https:\/\/vibo.ba\/joajatad\/2026\/01\/sistem-za-navodnjavanje-kap-po-kap.jpg 400w, https:\/\/vibo.ba\/joajatad\/2026\/01\/sistem-za-navodnjavanje-kap-po-kap-300x200.jpg 300w, https:\/\/vibo.ba\/joajatad\/2026\/01\/sistem-za-navodnjavanje-kap-po-kap-18x12.jpg 18w\" sizes=\"(max-width: 400px) 100vw, 400px\" \/><\/p>\t<\/div>\n<\/div><\/div>\t\t\t\t<\/div>\n\t\t\t\t<\/div>\n\t\t\t\t\t<\/div>\n\t\t<\/div>\n\t\t\t\t\t<\/div>\n\t\t<\/section>\n\t\t\t\t<\/div>","protected":false},"excerpt":{"rendered":"<p>Pocin\u010dani stupovi Pocin\u010dani \u010deli\u010dni stupovi za vinograd, krajnji i unutarnji, pogodni su za obavljanje ru\u010dnih i strojnih radova u vinogradu.Krajnji stup, idealno je rje\u0161enje za du\u017ee redove. Krajnji stupovi dostupni su s utorima ili bo\u010dnim rupama koje omogu\u0107uju umetanje valjaka za zatezanje \u017eica. \u017dica Vinogradarska \u017eica Crapal 4 raznih dimenzija i rastezljivosti.&#8220;Crapal 4 \u017eica&#8221; odnosi [&hellip;]<\/p>","protected":false},"author":1,"featured_media":5594,"parent":6304,"menu_order":0,"comment_status":"closed","ping_status":"closed","template":"elementor_header_footer","meta":{"footnotes":""},"class_list":["post-6253","page","type-page","status-publish","has-post-thumbnail","hentry"],"_links":{"self":[{"href":"https:\/\/vibo.ba\/en\/wp-json\/wp\/v2\/pages\/6253","targetHints":{"allow":["GET"]}}],"collection":[{"href":"https:\/\/vibo.ba\/en\/wp-json\/wp\/v2\/pages"}],"about":[{"href":"https:\/\/vibo.ba\/en\/wp-json\/wp\/v2\/types\/page"}],"author":[{"embeddable":true,"href":"https:\/\/vibo.ba\/en\/wp-json\/wp\/v2\/users\/1"}],"replies":[{"embeddable":true,"href":"https:\/\/vibo.ba\/en\/wp-json\/wp\/v2\/comments?post=6253"}],"version-history":[{"count":3,"href":"https:\/\/vibo.ba\/en\/wp-json\/wp\/v2\/pages\/6253\/revisions"}],"predecessor-version":[{"id":6569,"href":"https:\/\/vibo.ba\/en\/wp-json\/wp\/v2\/pages\/6253\/revisions\/6569"}],"up":[{"embeddable":true,"href":"https:\/\/vibo.ba\/en\/wp-json\/wp\/v2\/pages\/6304"}],"wp:featuredmedia":[{"embeddable":true,"href":"https:\/\/vibo.ba\/en\/wp-json\/wp\/v2\/media\/5594"}],"wp:attachment":[{"href":"https:\/\/vibo.ba\/en\/wp-json\/wp\/v2\/media?parent=6253"}],"curies":[{"name":"wp","href":"https:\/\/api.w.org\/{rel}","templated":true}]}}